{"id":1288,"date":"2020-02-21T00:53:22","date_gmt":"2020-02-20T23:53:22","guid":{"rendered":"https:\/\/lesbottesdelargentiquent.com\/?page_id=1288"},"modified":"2020-02-21T15:46:54","modified_gmt":"2020-02-21T14:46:54","slug":"contact-2","status":"publish","type":"page","link":"https:\/\/lesbottesdelargentiquent.com\/?page_id=1288","title":{"rendered":"Contact"},"content":{"rendered":"<p><span style=\"font-size: x-large;\">Tu as envie de me contacter, et \u00e7a me remplit d&rsquo;all\u00e9gresse. Maintenant qu&rsquo;on se conna\u00eet intimement il est temps d&rsquo;engager une relation \u00e9pistolaire \u00e0 faire bander Pierre Choderlos de Laclos. C&rsquo;est parti !<\/span><\/p>\n<hr class=\"separator separator--striped\" \/>\n<h3>Formulaire de la win :<\/h3>\n<div class=\"pixcode  pixcode--row  row  narrow\">\n\n<div class=\"col-12  hand-span-6 \">\n\n<hr class=\"separator separator--dotted\" \/>\n[wpforms id=\u00a0\u00bb883&Prime; title=\u00a0\u00bbfalse\u00a0\u00bb description=\u00a0\u00bbfalse\u00a0\u00bb]\n\n<\/div>\n\n<div class=\"col-12  hand-span-6 \">\n\n\n<\/div>\n\n\n<\/div>\n\n<p>&nbsp;<\/p>\n","protected":false},"excerpt":{"rendered":"<p>Tu as envie de me contacter, et \u00e7a me remplit d&rsquo;all\u00e9gresse. Maintenant qu&rsquo;on se conna\u00eet intimement il est temps d&rsquo;engager une relation \u00e9pistolaire \u00e0 faire bander Pierre Choderlos de Laclos. C&rsquo;est parti ! Formulaire de la win : &nbsp;<\/p>\n","protected":false},"author":1,"featured_media":0,"parent":0,"menu_order":0,"comment_status":"closed","ping_status":"closed","template":"","meta":{"footnotes":""},"class_list":["post-1288","page","type-page","status-publish","hentry"],"_links":{"self":[{"href":"https:\/\/lesbottesdelargentiquent.com\/index.php?rest_route=\/wp\/v2\/pages\/1288","targetHints":{"allow":["GET"]}}],"collection":[{"href":"https:\/\/lesbottesdelargentiquent.com\/index.php?rest_route=\/wp\/v2\/pages"}],"about":[{"href":"https:\/\/lesbottesdelargentiquent.com\/index.php?rest_route=\/wp\/v2\/types\/page"}],"author":[{"embeddable":true,"href":"https:\/\/lesbottesdelargentiquent.com\/index.php?rest_route=\/wp\/v2\/users\/1"}],"replies":[{"embeddable":true,"href":"https:\/\/lesbottesdelargentiquent.com\/index.php?rest_route=%2Fwp%2Fv2%2Fcomments&post=1288"}],"version-history":[{"count":14,"href":"https:\/\/lesbottesdelargentiquent.com\/index.php?rest_route=\/wp\/v2\/pages\/1288\/revisions"}],"predecessor-version":[{"id":1361,"href":"https:\/\/lesbottesdelargentiquent.com\/index.php?rest_route=\/wp\/v2\/pages\/1288\/revisions\/1361"}],"wp:attachment":[{"href":"https:\/\/lesbottesdelargentiquent.com\/index.php?rest_route=%2Fwp%2Fv2%2Fmedia&parent=1288"}],"curies":[{"name":"wp","href":"https:\/\/api.w.org\/{rel}","templated":true}]}}